{"id":914,"date":"2015-08-07T08:29:47","date_gmt":"2015-08-07T13:29:47","guid":{"rendered":"http:\/\/pgkflorida.com\/fr\/?page_id=914"},"modified":"2015-08-12T13:44:25","modified_gmt":"2015-08-12T18:44:25","slug":"demande-de-maintenance","status":"publish","type":"page","link":"https:\/\/pgkmontreal.com\/fr\/demande-de-maintenance\/","title":{"rendered":"Demande de Maintenance"},"content":{"rendered":"<h1 class=\"wss-widget-title\">Faites une demande de maintenance<\/h1>\n<div class=\"wss-widget-container\">\n<div class=\"wss-widget-text\">\n<div class=\"block\">\n<div><\/div>\n<div>Votre confort et votre s\u00e9curit\u00e9 sont tr\u00e8s importants pour nous, c&rsquo;est pourquoi nous fournissons des services d&rsquo;entretien pour assurer que le b\u00e2timent et votre appartement soient en ordre. Pour faire une demande, veuillez remplir et soumettre le formulaire en ligne.<\/div>\n<div>Si vous avez une urgence apr\u00e8s nos heures d\u2019ouverture, veuillez communiquer avec le concierge de votre immeuble.<\/div>\n<div>En remplissant ce formulaire, vous nous donnez votre consentement pour entrer dans l&rsquo;appartement et r\u00e9soudre le probl\u00e8me.<\/div>\n<div><\/div>\n<\/div>\n<p>&nbsp;<\/p>\n<div>\n<div class=\"wpcf7 no-js\" id=\"wpcf7-f916-o1\" lang=\"en-US\" dir=\"ltr\">\n<div class=\"screen-reader-response\"><p role=\"status\" aria-live=\"polite\" aria-atomic=\"true\"><\/p> <ul><\/ul><\/div>\n<form action=\"\/fr\/wp-json\/wp\/v2\/pages\/914#wpcf7-f916-o1\" method=\"post\" class=\"wpcf7-form init\" aria-label=\"Contact form\" novalidate=\"novalidate\" data-status=\"init\">\n<div style=\"display: none;\">\n<input type=\"hidden\" name=\"_wpcf7\" value=\"916\" \/>\n<input type=\"hidden\" name=\"_wpcf7_version\" value=\"5.8\" \/>\n<input type=\"hidden\" name=\"_wpcf7_locale\" value=\"en_US\" \/>\n<input type=\"hidden\" name=\"_wpcf7_unit_tag\" value=\"wpcf7-f916-o1\" \/>\n<input type=\"hidden\" name=\"_wpcf7_container_post\" value=\"0\" \/>\n<input type=\"hidden\" name=\"_wpcf7_posted_data_hash\" value=\"\" \/>\n<\/div>\n<p><span class=\"wpcf7-form-control-wrap\" data-name=\"your-name\"><input size=\"40\" class=\"wpcf7-form-control wpcf7-text wpcf7-validates-as-required form-control\" id=\"name\" aria-required=\"true\" aria-invalid=\"false\" placeholder=\"Nom\" value=\"\" type=\"text\" name=\"your-name\" \/><\/span><br \/>\n<span class=\"wpcf7-form-control-wrap\" data-name=\"your-email\"><input size=\"40\" class=\"wpcf7-form-control wpcf7-email wpcf7-validates-as-required wpcf7-text wpcf7-validates-as-email form-control\" id=\"email\" aria-required=\"true\" aria-invalid=\"false\" placeholder=\"E-mail\" value=\"\" type=\"email\" name=\"your-email\" \/><\/span><br \/>\n<span class=\"wpcf7-form-control-wrap\" data-name=\"tel-172\"><input size=\"40\" class=\"wpcf7-form-control wpcf7-tel wpcf7-validates-as-required wpcf7-text wpcf7-validates-as-tel\" aria-required=\"true\" aria-invalid=\"false\" placeholder=\"555-555-5555\" value=\"\" type=\"tel\" name=\"tel-172\" \/><\/span><br \/>\n<span class=\"wpcf7-form-control-wrap\" data-name=\"text-577\"><input size=\"40\" class=\"wpcf7-form-control wpcf7-text wpcf7-validates-as-required\" aria-required=\"true\" aria-invalid=\"false\" value=\"Addresse\" type=\"text\" name=\"text-577\" \/><\/span><br \/>\n<span class=\"wpcf7-form-control-wrap\" data-name=\"text-578\"><input size=\"40\" class=\"wpcf7-form-control wpcf7-text wpcf7-validates-as-required\" aria-required=\"true\" aria-invalid=\"false\" value=\"Num\u00e9ro d&#039;appartement\" type=\"text\" name=\"text-578\" \/><\/span>\n<\/p>\n<p><span class=\"wpcf7-form-control-wrap\" data-name=\"textarea-139\"><textarea cols=\"40\" rows=\"10\" class=\"wpcf7-form-control wpcf7-textarea wpcf7-validates-as-required\" aria-required=\"true\" aria-invalid=\"false\" name=\"textarea-139\">Demande<\/textarea><\/span>\n<\/p>\n<p><input class=\"wpcf7-form-control wpcf7-submit has-spinner btn btn-primary\" type=\"submit\" value=\"Envoyer\" \/>\n<\/p><div class=\"wpcf7-response-output\" aria-hidden=\"true\"><\/div>\n<\/form>\n<\/div>\n<\/div>\n<\/div>\n<\/div>\n","protected":false},"excerpt":{"rendered":"<p>Faites une demande de maintenance Votre confort et votre s\u00e9curit\u00e9 sont tr\u00e8s importants pour nous, c&rsquo;est pourquoi nous fournissons des ..<\/p>\n","protected":false},"author":1,"featured_media":454,"parent":0,"menu_order":0,"comment_status":"open","ping_status":"closed","template":"template-contact.php","meta":{"footnotes":""},"_links":{"self":[{"href":"https:\/\/pgkmontreal.com\/fr\/wp-json\/wp\/v2\/pages\/914"}],"collection":[{"href":"https:\/\/pgkmontreal.com\/fr\/wp-json\/wp\/v2\/pages"}],"about":[{"href":"https:\/\/pgkmontreal.com\/fr\/wp-json\/wp\/v2\/types\/page"}],"author":[{"embeddable":true,"href":"https:\/\/pgkmontreal.com\/fr\/wp-json\/wp\/v2\/users\/1"}],"replies":[{"embeddable":true,"href":"https:\/\/pgkmontreal.com\/fr\/wp-json\/wp\/v2\/comments?post=914"}],"version-history":[{"count":3,"href":"https:\/\/pgkmontreal.com\/fr\/wp-json\/wp\/v2\/pages\/914\/revisions"}],"predecessor-version":[{"id":963,"href":"https:\/\/pgkmontreal.com\/fr\/wp-json\/wp\/v2\/pages\/914\/revisions\/963"}],"wp:featuredmedia":[{"embeddable":true,"href":"https:\/\/pgkmontreal.com\/fr\/wp-json\/wp\/v2\/media\/454"}],"wp:attachment":[{"href":"https:\/\/pgkmontreal.com\/fr\/wp-json\/wp\/v2\/media?parent=914"}],"curies":[{"name":"wp","href":"https:\/\/api.w.org\/{rel}","templated":true}]}}