{"id":897,"date":"2015-07-30T14:58:05","date_gmt":"2015-07-30T19:58:05","guid":{"rendered":"http:\/\/pgkflorida.com\/fr\/?page_id=897"},"modified":"2015-08-14T10:52:41","modified_gmt":"2015-08-14T15:52:41","slug":"disponibilites","status":"publish","type":"page","link":"https:\/\/pgkmontreal.com\/fr\/disponibilites\/","title":{"rendered":"Disponibilit\u00e9s"},"content":{"rendered":"<h1 class=\"wss-widget-title\">Condominiums, appartements et bureaux \u00e0 louer \u00e0 Montr\u00e9al<\/h1>\n<div class=\"wss-widget-container\">\n<div class=\"wss-widget-text\">\n<div class=\"block\">\n<div>Nous offrons une vari\u00e9t\u00e9 de logements \u00e0 louer dans la r\u00e9gion de Montr\u00e9al et ses environs. Que vous soyez \u00e0 la recherche d&rsquo;une maison unifamiliale, d&rsquo;un condominium ou d&rsquo;un espace commercial pour votre entreprise, nous pouvons vous aider. Voici une liste de ce que nous avons pr\u00e9sentement \u00e0 offrir :<\/div>\n<\/div>\n<div><\/div>\n<div>\u00a0  \n  <div id=\"property-items\" class=\"show-compare \"  data-view=\"grid-view\">\n\t\n\t<div id=\"compare-properties-popup\">\n\t<h4>Compare Properties<\/h4>\n\t\n\t<div id=\"compare-properties-thumbnails\"><\/div>\n\t\n\t<p class=\"alert alert-info\">Please create a page that is using page template \"Property Comparison\".<\/p>\t\n\t<p class=\"alert alert-info hide\"><small>You have reached the maximum of four properties per comparison.<\/small><\/p>\n\t\n<\/div>\n \n\t<ul class=\"row list-unstyled\">\n\t\t<li class=\"col-lg-4 col-md-6\"><div class=\"property-item primary-tooltips\">\n\n\t<a href=\"https:\/\/pgkmontreal.com\/fr\/property\/rue-st-antoine-maison\/\">\n\t\t<figure class=\"property-thumbnail\">\n\t\t\t<img width=\"1\" height=\"1\" src=\"https:\/\/pgkmontreal.com\/wp-content\/uploads\/2017\/03\/Front-of-House-1.tiff\" class=\"attachment-property-thumb size-property-thumb wp-post-image\" alt=\"\" decoding=\"async\" \/>\t\t\t<figcaption>\n\t\t\t\t<div class=\"property-title\">\n\t\t\t\t\t<h3 class=\"title\">Rue St Antoine &#8211; Maison<\/h3>\n\t\t\t\t\t<h4 class=\"address\">75 Rue Saint-Antoine, Montreal, QC, Canada<\/h4>\n\t\t\t\t<\/div>\n\t\t\t\t<div class=\"property-excerpt\">\n\t\t\t\t\t\t\t\t\t\t<div class=\"subtitle\">\n\t\t\t\t\t\t\t\t\t\t\t<\/div>\n\t\t\t\t\t\t\t\t\t\t\n\t\t\t\t\t<p>Propri\u00e9t\u00e9 au bord de l&rsquo;eau!<\/p>\n\t\t\t\t<\/div>\n\t\t\t<\/figcaption>\n\t\t<\/figure>\n\t<\/a>\n\t\n\t<div class=\"property-content\">\n\t\t\t\t<div class=\"property-meta clearfix\">\n\t\t\t\t\t\t\t<div>\n\t\t\t\t\t<div class=\"meta-title\"><i class=\"fa fa-building-o\"><\/i><\/div>\n\t\t\t\t\t<div class=\"meta-data\" data-toggle=\"tooltip\" title=\"Rooms\">12 Rooms<\/div>\n\t\t\t\t<\/div>\n\t\t\t\t\t\t\t<div>\n\t\t\t\t\t<div class=\"meta-title\"><i class=\"fa fa-tint\"><\/i><\/div>\n\t\t\t\t\t<div class=\"meta-data\" data-toggle=\"tooltip\" title=\"Bathrooms\">3 Bathrooms<\/div>\n\t\t\t\t<\/div>\n\t\t\t\t\t<\/div>\n\t\t\t\t\n\t\t<div class=\"property-price\">\n\t\t\t<i class=\"add-to-favorites fa fa-heart-o\" data-fav-id=\"1385\" data-toggle=\"tooltip\" title=\"Add To Favorites\"><\/i><i class=\"fa fa-plus compare-property\" data-compare-id=\"1385\" data-toggle=\"tooltip\" title=\"Compare\"><\/i>\t\t\t<div class=\"price-tag\">$3,300<\/div>\n\t\t<\/div>\n\t<\/div>\n\t\n<\/div><\/li><li class=\"col-lg-4 col-md-6\"><div class=\"property-item primary-tooltips\">\n\n\t<a href=\"https:\/\/pgkmontreal.com\/fr\/property\/rue-summerhill-1-12\/\">\n\t\t<figure class=\"property-thumbnail\">\n\t\t\t<img width=\"600\" height=\"300\" src=\"https:\/\/pgkmontreal.com\/wp-content\/uploads\/2016\/05\/Entrance-1537-Summerhill-600x300.jpg\" class=\"attachment-property-thumb size-property-thumb wp-post-image\" alt=\"\" decoding=\"async\" \/>\t\t\t<figcaption>\n\t\t\t\t<div class=\"property-title\">\n\t\t\t\t\t<h3 class=\"title\">Rue Summerhill &#8211; 2 1\/2 &#038; 4 1\/2<\/h3>\n\t\t\t\t\t<h4 class=\"address\">Avenue Summerhill, Montreal, QC, Canada<\/h4>\n\t\t\t\t<\/div>\n\t\t\t\t<div class=\"property-excerpt\">\n\t\t\t\t\t\t\t\t\t\t<div class=\"subtitle\">\n\t\t\t\t\t\t<span class=\"type\">Apartment<\/span> <span>&middot<\/span> <span class=\"status\">\u00c0 Louer<\/span>\t\t\t\t\t<\/div>\n\t\t\t\t\t\t\t\t\t\t\n\t\t\t\t\t<p>Situ\u00e9 \u00e0 quelques proche des rues Sherbrooke et St-Catherine, notre b\u00e2timent est \u00e0 quelques pas des boutiques, des restaurants et ..<\/p>\n\t\t\t\t<\/div>\n\t\t\t<\/figcaption>\n\t\t<\/figure>\n\t<\/a>\n\t\n\t<div class=\"property-content\">\n\t\t\t\t<div class=\"property-meta clearfix\">\n\t\t\t\t\t\t\t<div>\n\t\t\t\t\t<div class=\"meta-title\"><i class=\"fa fa-tint\"><\/i><\/div>\n\t\t\t\t\t<div class=\"meta-data\" data-toggle=\"tooltip\" title=\"Bathrooms\">1 Bathroom<\/div>\n\t\t\t\t<\/div>\n\t\t\t\t\t<\/div>\n\t\t\t\t\n\t\t<div class=\"property-price\">\n\t\t\t<span class=\"property-status\" data-toggle=\"tooltip\" title=\"Status\">\u00c0 Louer<\/span><i class=\"add-to-favorites fa fa-heart-o\" data-fav-id=\"1312\" data-toggle=\"tooltip\" title=\"Add To Favorites\"><\/i><i class=\"fa fa-plus compare-property\" data-compare-id=\"1312\" data-toggle=\"tooltip\" title=\"Compare\"><\/i>\t\t\t<div class=\"price-tag\"><\/div>\n\t\t<\/div>\n\t<\/div>\n\t\n<\/div><\/li><li class=\"col-lg-4 col-md-6\"><div class=\"property-item primary-tooltips\">\n\n\t<a href=\"https:\/\/pgkmontreal.com\/fr\/property\/rue-de-godbout-4-12\/\">\n\t\t<figure class=\"property-thumbnail\">\n\t\t\t<img width=\"600\" height=\"300\" src=\"https:\/\/pgkmontreal.com\/wp-content\/uploads\/2015\/08\/Living-Room-600x300.jpg\" class=\"attachment-property-thumb size-property-thumb wp-post-image\" alt=\"\" decoding=\"async\" \/>\t\t\t<figcaption>\n\t\t\t\t<div class=\"property-title\">\n\t\t\t\t\t<h3 class=\"title\">Rue de Godbout &#8211; 4 1\/2<\/h3>\n\t\t\t\t\t<h4 class=\"address\">Rue de Godbout, LaSalle, QC, Canada<\/h4>\n\t\t\t\t<\/div>\n\t\t\t\t<div class=\"property-excerpt\">\n\t\t\t\t\t\t\t\t\t\t<div class=\"subtitle\">\n\t\t\t\t\t\t<span class=\"type\">Apartment<\/span> <span>&middot<\/span> <span class=\"status\">\u00c0 Louer<\/span>\t\t\t\t\t<\/div>\n\t\t\t\t\t\t\t\t\t\t\n\t\t\t\t\t<p>Nos appartements sont nouvellement r\u00e9nov\u00e9s et disposent de balcons priv\u00e9s, de chambres spacieuses et de nouveaux appareils \u00e9lectrom\u00e9nagers. Stationnement gratuit ..<\/p>\n\t\t\t\t<\/div>\n\t\t\t<\/figcaption>\n\t\t<\/figure>\n\t<\/a>\n\t\n\t<div class=\"property-content\">\n\t\t\t\t<div class=\"property-meta clearfix\">\n\t\t\t\t\t\t\t<div>\n\t\t\t\t\t<div class=\"meta-title\"><i class=\"fa fa-bed\"><\/i><\/div>\n\t\t\t\t\t<div class=\"meta-data\" data-toggle=\"tooltip\" title=\"Bedrooms\">2 Bedrooms<\/div>\n\t\t\t\t<\/div>\n\t\t\t\t\t\t\t<div>\n\t\t\t\t\t<div class=\"meta-title\"><i class=\"fa fa-tint\"><\/i><\/div>\n\t\t\t\t\t<div class=\"meta-data\" data-toggle=\"tooltip\" title=\"Bathrooms\">1 Bathroom<\/div>\n\t\t\t\t<\/div>\n\t\t\t\t\t<\/div>\n\t\t\t\t\n\t\t<div class=\"property-price\">\n\t\t\t<span class=\"property-status\" data-toggle=\"tooltip\" title=\"Status\">\u00c0 Louer<\/span><i class=\"add-to-favorites fa fa-heart-o\" data-fav-id=\"1055\" data-toggle=\"tooltip\" title=\"Add To Favorites\"><\/i><i class=\"fa fa-plus compare-property\" data-compare-id=\"1055\" data-toggle=\"tooltip\" title=\"Compare\"><\/i>\t\t\t<div class=\"price-tag\">$950<\/div>\n\t\t<\/div>\n\t<\/div>\n\t\n<\/div><\/li><li class=\"col-lg-4 col-md-6\"><div class=\"property-item primary-tooltips\">\n\n\t<a href=\"https:\/\/pgkmontreal.com\/fr\/property\/notre-dame-de-grace-3-12\/\">\n\t\t<figure class=\"property-thumbnail\">\n\t\t\t<img width=\"480\" height=\"300\" src=\"https:\/\/pgkmontreal.com\/wp-content\/uploads\/2015\/08\/100_9397-480x300.jpg\" class=\"attachment-property-thumb size-property-thumb wp-post-image\" alt=\"\" decoding=\"async\" \/>\t\t\t<figcaption>\n\t\t\t\t<div class=\"property-title\">\n\t\t\t\t\t<h3 class=\"title\">Notre-Dame de Grace &#8211; 4 1\/2<\/h3>\n\t\t\t\t\t<h4 class=\"address\">Northcliffe Avenue, Montreal, QC H4A 3K5, Canada<\/h4>\n\t\t\t\t<\/div>\n\t\t\t\t<div class=\"property-excerpt\">\n\t\t\t\t\t\t\t\t\t\t<div class=\"subtitle\">\n\t\t\t\t\t\t<span class=\"type\">Apartment<\/span> <span>&middot<\/span> <span class=\"status\">\u00c0 Louer<\/span>\t\t\t\t\t<\/div>\n\t\t\t\t\t\t\t\t\t\t\n\t\t\t\t\t<p>Nos appartements lumineux sont situ\u00e9s au coin de la rue Sherbrooke Ouest. \u00c0 seulement deux intersections de l&rsquo;autoroute D\u00e9carie et ..<\/p>\n\t\t\t\t<\/div>\n\t\t\t<\/figcaption>\n\t\t<\/figure>\n\t<\/a>\n\t\n\t<div class=\"property-content\">\n\t\t\t\t<div class=\"property-meta clearfix\">\n\t\t\t\t\t\t\t<div>\n\t\t\t\t\t<div class=\"meta-title\"><i class=\"fa fa-bed\"><\/i><\/div>\n\t\t\t\t\t<div class=\"meta-data\" data-toggle=\"tooltip\" title=\"Bedrooms\">1 Bedroom<\/div>\n\t\t\t\t<\/div>\n\t\t\t\t\t\t\t<div>\n\t\t\t\t\t<div class=\"meta-title\"><i class=\"fa fa-tint\"><\/i><\/div>\n\t\t\t\t\t<div class=\"meta-data\" data-toggle=\"tooltip\" title=\"Bathrooms\">1 Bathroom<\/div>\n\t\t\t\t<\/div>\n\t\t\t\t\t<\/div>\n\t\t\t\t\n\t\t<div class=\"property-price\">\n\t\t\t<span class=\"property-status\" data-toggle=\"tooltip\" title=\"Status\">\u00c0 Louer<\/span><i class=\"add-to-favorites fa fa-heart-o\" data-fav-id=\"1022\" data-toggle=\"tooltip\" title=\"Add To Favorites\"><\/i><i class=\"fa fa-plus compare-property\" data-compare-id=\"1022\" data-toggle=\"tooltip\" title=\"Compare\"><\/i>\t\t\t<div class=\"price-tag\">$1,295<\/div>\n\t\t<\/div>\n\t<\/div>\n\t\n<\/div><\/li>\t<\/ul>\n\t\t\n\t<div id=\"pagination\">\n\t\t<\/div>\n\t\n\t\t\n\t<\/div><!-- #property-items -->\n\t<\/div>\n<div><\/div>\n<\/div>\n<\/div>\n","protected":false},"excerpt":{"rendered":"<p>Condominiums, appartements et bureaux \u00e0 louer \u00e0 Montr\u00e9al Nous offrons une vari\u00e9t\u00e9 de logements \u00e0 louer dans la r\u00e9gion de ..<\/p>\n","protected":false},"author":1,"featured_media":453,"parent":0,"menu_order":0,"comment_status":"open","ping_status":"open","template":"","meta":{"footnotes":""},"_links":{"self":[{"href":"https:\/\/pgkmontreal.com\/fr\/wp-json\/wp\/v2\/pages\/897"}],"collection":[{"href":"https:\/\/pgkmontreal.com\/fr\/wp-json\/wp\/v2\/pages"}],"about":[{"href":"https:\/\/pgkmontreal.com\/fr\/wp-json\/wp\/v2\/types\/page"}],"author":[{"embeddable":true,"href":"https:\/\/pgkmontreal.com\/fr\/wp-json\/wp\/v2\/users\/1"}],"replies":[{"embeddable":true,"href":"https:\/\/pgkmontreal.com\/fr\/wp-json\/wp\/v2\/comments?post=897"}],"version-history":[{"count":4,"href":"https:\/\/pgkmontreal.com\/fr\/wp-json\/wp\/v2\/pages\/897\/revisions"}],"predecessor-version":[{"id":901,"href":"https:\/\/pgkmontreal.com\/fr\/wp-json\/wp\/v2\/pages\/897\/revisions\/901"}],"wp:featuredmedia":[{"embeddable":true,"href":"https:\/\/pgkmontreal.com\/fr\/wp-json\/wp\/v2\/media\/453"}],"wp:attachment":[{"href":"https:\/\/pgkmontreal.com\/fr\/wp-json\/wp\/v2\/media?parent=897"}],"curies":[{"name":"wp","href":"https:\/\/api.w.org\/{rel}","templated":true}]}}