{"id":857,"date":"2015-07-30T11:33:45","date_gmt":"2015-07-30T16:33:45","guid":{"rendered":"http:\/\/pgkflorida.com\/fr\/?page_id=857"},"modified":"2015-08-12T13:46:24","modified_gmt":"2015-08-12T18:46:24","slug":"inspections","status":"publish","type":"page","link":"https:\/\/pgkmontreal.com\/fr\/inspections\/","title":{"rendered":"Inspections"},"content":{"rendered":"<h1 class=\"wss-widget-title\">Inspections des maisons unifamiliales et de condominiums vacants aux fins d\u2019assurance<\/h1>\n<div class=\"wss-widget-container\">\n<div class=\"wss-widget-text\">\n<div class=\"block\">\n<div>Les Services Immobiliers PGK fournissent des services pour les propri\u00e9taires de maisons et d&rsquo;appartements qui sont loin de leur propri\u00e9t\u00e9 pour de longues ou courtes p\u00e9riodes. Nous menons des inspections hebdomadaires internes et externes afin de v\u00e9rifier si votre propri\u00e9t\u00e9 est conserv\u00e9e dans le meilleur \u00e9tat possible. Notre priorit\u00e9 est d&rsquo;assurer au propri\u00e9taire que son bien immobilier est entre bonnes mains et \u00e0 l&rsquo;abri des catastrophes naturelles et des dommages caus\u00e9s par l&rsquo;homme.<\/div>\n<div>Inspections de propri\u00e9t\u00e9<\/div>\n<p>&nbsp;<\/p>\n<div>Les Services Immobiliers PGK comprennent que l&rsquo;achat d&rsquo;une propri\u00e9t\u00e9 est un investissement important. Notre entreprise fournit une inspection sp\u00e9cifique visuelle qui permet aux acheteurs et aux vendeurs de s&rsquo;assurer que tous les aspects de l&rsquo;immeuble seront examin\u00e9s correctement. Nos professionnels d\u00fbment form\u00e9s valideront l\u2019int\u00e9gralit\u00e9 de votre propri\u00e9t\u00e9.<\/div>\n<p>&nbsp;<\/p>\n<div><a href=\"contact\" target=\"_self\">Appelez Les Services Immobiliers PGK d\u00e8s maintenant.<\/a><\/div>\n<\/div>\n<\/div>\n<\/div>\n","protected":false},"excerpt":{"rendered":"<p>Inspections des maisons unifamiliales et de condominiums vacants aux fins d\u2019assurance Les Services Immobiliers PGK fournissent des services pour les ..<\/p>\n","protected":false},"author":1,"featured_media":453,"parent":0,"menu_order":0,"comment_status":"open","ping_status":"open","template":"","meta":{"footnotes":""},"_links":{"self":[{"href":"https:\/\/pgkmontreal.com\/fr\/wp-json\/wp\/v2\/pages\/857"}],"collection":[{"href":"https:\/\/pgkmontreal.com\/fr\/wp-json\/wp\/v2\/pages"}],"about":[{"href":"https:\/\/pgkmontreal.com\/fr\/wp-json\/wp\/v2\/types\/page"}],"author":[{"embeddable":true,"href":"https:\/\/pgkmontreal.com\/fr\/wp-json\/wp\/v2\/users\/1"}],"replies":[{"embeddable":true,"href":"https:\/\/pgkmontreal.com\/fr\/wp-json\/wp\/v2\/comments?post=857"}],"version-history":[{"count":2,"href":"https:\/\/pgkmontreal.com\/fr\/wp-json\/wp\/v2\/pages\/857\/revisions"}],"predecessor-version":[{"id":966,"href":"https:\/\/pgkmontreal.com\/fr\/wp-json\/wp\/v2\/pages\/857\/revisions\/966"}],"wp:featuredmedia":[{"embeddable":true,"href":"https:\/\/pgkmontreal.com\/fr\/wp-json\/wp\/v2\/media\/453"}],"wp:attachment":[{"href":"https:\/\/pgkmontreal.com\/fr\/wp-json\/wp\/v2\/media?parent=857"}],"curies":[{"name":"wp","href":"https:\/\/api.w.org\/{rel}","templated":true}]}}