{"id":851,"date":"2015-07-30T11:26:18","date_gmt":"2015-07-30T16:26:18","guid":{"rendered":"http:\/\/pgkflorida.com\/fr\/?page_id=851"},"modified":"2015-08-12T13:45:44","modified_gmt":"2015-08-12T18:45:44","slug":"gestion-immobiliere","status":"publish","type":"page","link":"https:\/\/pgkmontreal.com\/fr\/gestion-immobiliere\/","title":{"rendered":"Gestion Immobili\u00e8re"},"content":{"rendered":"<h1 class=\"wss-widget-title\"><\/h1>\n<div class=\"wss-widget-container\">\n<div class=\"wss-widget-text\">\n<div class=\"block\">\n<div>Fond\u00e9s en 1986, Les Services Immobiliers PGK se sp\u00e9cialisent en gestion immobili\u00e8re depuis plus de 25 ans. Notre entreprise se charge d&rsquo;un \u00e9ventail de propri\u00e9t\u00e9s \u00e0 Montr\u00e9al et ses environs, allant de condominiums, d\u2019immeubles \u00e0 logements et de complexes industriels et commerciaux.<\/div>\n<div>En tant qu\u2019entreprise exp\u00e9riment\u00e9e, nous comprenons que chaque propri\u00e9t\u00e9 pr\u00e9sente ses propres et uniques d\u00e9fis, et nous sommes fiers de notre capacit\u00e9 \u00e0 adapter nos services pour bien r\u00e9pondre aux besoins individuels. Nous offrons une vaste gamme de services de gestion qui comprennent entre autres la gestion compl\u00e8te ou partielle, des services de comptabilit\u00e9 et de tenue de livres et des services d&rsquo;inspection de b\u00e2timents.<\/div>\n<p>&nbsp;<\/p>\n<div>Notre exp\u00e9rience comprend la gestion de propri\u00e9t\u00e9s pour des investisseurs \u00e9trangers venant de France, d&rsquo;Allemagne, d&rsquo;Angleterre, de Hong Kong et des Bahamas, en plus de nos clients institutionnels. Nous g\u00e9rons aussi des propri\u00e9t\u00e9s au nom de grandes institutions financi\u00e8res qui sont responsables des fiducies de leurs clients.<\/div>\n<p>&nbsp;<\/p>\n<div>\u00c9valuations des polices d&rsquo;assurance<\/div>\n<div>Nous offrons une \u00e9valuation gratuite de la protection d\u2019assurance que nos clients d\u00e9tonent sur vos immeubles. Certains de nos clients ont \u00e9conomis\u00e9 jusqu&rsquo;\u00e0 40 % sur leurs primes d&rsquo;assurance. Dans le cas d&rsquo;une catastrophe impr\u00e9vue, les clients peuvent demeurer sans inqui\u00e9tude.<\/div>\n<p>&nbsp;<\/p>\n<div>Services<\/div>\n<\/div>\n<div class=\"block\">\n<div class=\"col_6_1\">\n<ul>\n<li>\n<div>Gestion de condominiums<\/div>\n<\/li>\n<li>\n<div>Gestion immobili\u00e8re industrielle<\/div>\n<\/li>\n<li>\n<div>Gestion des immeubles \u00e0 louer<\/div>\n<\/li>\n<li>\n<div>Gestion d\u2019\u00e9difice \u00e0 logements<\/div>\n<\/li>\n<li>\n<div>Gestion d&rsquo;appartements<\/div>\n<\/li>\n<li>\n<div>Perception du loyer<\/div>\n<\/li>\n<li>\n<div>Gestion immobili\u00e8re r\u00e9sidentielle<\/div>\n<\/li>\n<li>\n<div>Gestion des baux<\/div>\n<\/li>\n<li>\n<div>Gestion d\u2019immeubles de bureaux<\/div>\n<\/li>\n<li>\n<div>Gestion de b\u00e2timents commerciaux<\/div>\n<\/li>\n<\/ul>\n<\/div>\n<div class=\"clearfix\"><\/div>\n<\/div>\n<div class=\"block\">\n<p>&nbsp;<\/p>\n<div>Mettez notre exp\u00e9rience \u00e0 votre disposition.\u00a0<a href=\"contact-appel-doffre\" target=\"_self\">Soumettez une demande<\/a>\u00a0d&rsquo;appel d&rsquo;offres d\u00e8s maintenant.<\/div>\n<\/div>\n<\/div>\n<\/div>\n","protected":false},"excerpt":{"rendered":"<p>Fond\u00e9s en 1986, Les Services Immobiliers PGK se sp\u00e9cialisent en gestion immobili\u00e8re depuis plus de 25 ans. Notre entreprise se ..<\/p>\n","protected":false},"author":1,"featured_media":453,"parent":0,"menu_order":0,"comment_status":"open","ping_status":"open","template":"","meta":{"footnotes":""},"_links":{"self":[{"href":"https:\/\/pgkmontreal.com\/fr\/wp-json\/wp\/v2\/pages\/851"}],"collection":[{"href":"https:\/\/pgkmontreal.com\/fr\/wp-json\/wp\/v2\/pages"}],"about":[{"href":"https:\/\/pgkmontreal.com\/fr\/wp-json\/wp\/v2\/types\/page"}],"author":[{"embeddable":true,"href":"https:\/\/pgkmontreal.com\/fr\/wp-json\/wp\/v2\/users\/1"}],"replies":[{"embeddable":true,"href":"https:\/\/pgkmontreal.com\/fr\/wp-json\/wp\/v2\/comments?post=851"}],"version-history":[{"count":5,"href":"https:\/\/pgkmontreal.com\/fr\/wp-json\/wp\/v2\/pages\/851\/revisions"}],"predecessor-version":[{"id":965,"href":"https:\/\/pgkmontreal.com\/fr\/wp-json\/wp\/v2\/pages\/851\/revisions\/965"}],"wp:featuredmedia":[{"embeddable":true,"href":"https:\/\/pgkmontreal.com\/fr\/wp-json\/wp\/v2\/media\/453"}],"wp:attachment":[{"href":"https:\/\/pgkmontreal.com\/fr\/wp-json\/wp\/v2\/media?parent=851"}],"curies":[{"name":"wp","href":"https:\/\/api.w.org\/{rel}","templated":true}]}}