{"id":846,"date":"2015-07-30T11:18:12","date_gmt":"2015-07-30T16:18:12","guid":{"rendered":"http:\/\/pgkflorida.com\/fr\/?page_id=846"},"modified":"2015-08-12T13:39:53","modified_gmt":"2015-08-12T18:39:53","slug":"contact-appel-doffre","status":"publish","type":"page","link":"https:\/\/pgkmontreal.com\/fr\/contact-appel-doffre\/","title":{"rendered":"Appel d&rsquo;offre"},"content":{"rendered":"<h1 class=\"wss-widget-title\">Soumettez un appel d&rsquo;offres<\/h1>\n<div class=\"wss-widget-container\">\n<div class=\"wss-widget-text\">\n<div class=\"block\">\n<div><\/div>\n<div>Chez Les Services Immobiliers PGK, nous comprenons que chaque propri\u00e9t\u00e9 a ses propres besoins. Nous sommes fiers de notre capacit\u00e9 \u00e0 adapter nos services pour bien r\u00e9pondre aux besoins individuels. Que vous soyez propri\u00e9taire d&rsquo;un condominium, d&rsquo;un b\u00e2timent commercial ou industriel et quels que soient vos besoins, vous pouvez nous faire confiance, nous vous fournirons des services de qualit\u00e9. Remplissez le formulaire d&rsquo;appel d&rsquo;offres.<\/div>\n<\/div>\n<\/div>\n<p>&nbsp;<\/p>\n<\/div>\n\n<div class=\"wpcf7 no-js\" id=\"wpcf7-f871-o1\" lang=\"en-US\" dir=\"ltr\">\n<div class=\"screen-reader-response\"><p role=\"status\" aria-live=\"polite\" aria-atomic=\"true\"><\/p> <ul><\/ul><\/div>\n<form action=\"\/fr\/wp-json\/wp\/v2\/pages\/846#wpcf7-f871-o1\" method=\"post\" class=\"wpcf7-form init\" aria-label=\"Contact form\" novalidate=\"novalidate\" data-status=\"init\">\n<div style=\"display: none;\">\n<input type=\"hidden\" name=\"_wpcf7\" value=\"871\" \/>\n<input type=\"hidden\" name=\"_wpcf7_version\" value=\"5.8\" \/>\n<input type=\"hidden\" name=\"_wpcf7_locale\" value=\"en_US\" \/>\n<input type=\"hidden\" name=\"_wpcf7_unit_tag\" value=\"wpcf7-f871-o1\" \/>\n<input type=\"hidden\" name=\"_wpcf7_container_post\" value=\"0\" \/>\n<input type=\"hidden\" name=\"_wpcf7_posted_data_hash\" value=\"\" \/>\n<\/div>\n<p><span class=\"wpcf7-form-control-wrap\" data-name=\"your-name\"><input size=\"40\" class=\"wpcf7-form-control wpcf7-text wpcf7-validates-as-required form-control\" id=\"name\" aria-required=\"true\" aria-invalid=\"false\" placeholder=\"Nom\" value=\"\" type=\"text\" name=\"your-name\" \/><\/span><br \/>\n<span class=\"wpcf7-form-control-wrap\" data-name=\"your-email\"><input size=\"40\" class=\"wpcf7-form-control wpcf7-email wpcf7-validates-as-required wpcf7-text wpcf7-validates-as-email form-control\" id=\"email\" aria-required=\"true\" aria-invalid=\"false\" placeholder=\"Courriel\" value=\"\" type=\"email\" name=\"your-email\" \/><\/span><br \/>\n<span class=\"wpcf7-form-control-wrap\" data-name=\"tel-172\"><input size=\"40\" class=\"wpcf7-form-control wpcf7-tel wpcf7-validates-as-required wpcf7-text wpcf7-validates-as-tel\" aria-required=\"true\" aria-invalid=\"false\" placeholder=\"555-555-5555\" value=\"\" type=\"tel\" name=\"tel-172\" \/><\/span>\n<\/p>\n<p><span class=\"wpcf7-form-control-wrap\" data-name=\"textarea-139\"><textarea cols=\"40\" rows=\"10\" class=\"wpcf7-form-control wpcf7-textarea wpcf7-validates-as-required\" aria-required=\"true\" aria-invalid=\"false\" name=\"textarea-139\">Demande<\/textarea><\/span><br \/>\n<span class=\"wpcf7-form-control-wrap\" data-name=\"menu-236\"><select class=\"wpcf7-form-control wpcf7-select wpcf7-validates-as-required\" aria-required=\"true\" aria-invalid=\"false\" name=\"menu-236\"><option value=\"Maison Unifiamiliale\">Maison Unifiamiliale<\/option><option value=\"Condo Individuelle\">Condo Individuelle<\/option><option value=\"Association de propri\u00e9taire de condos\">Association de propri\u00e9taire de condos<\/option><option value=\"Association cooperative\">Association cooperative<\/option><option value=\"1 \u00e0 6 unit\u00e9s\">1 \u00e0 6 unit\u00e9s<\/option><option value=\"6 \u00e0 15 unit\u00e9s\">6 \u00e0 15 unit\u00e9s<\/option><option value=\"15 \u00e0 25 unit\u00e9s\">15 \u00e0 25 unit\u00e9s<\/option><option value=\"25 \u00e0 50 unit\u00e9s\">25 \u00e0 50 unit\u00e9s<\/option><option value=\"50 unit\u00e9s et plus\">50 unit\u00e9s et plus<\/option><option value=\"Commercial \/ Industriel\">Commercial \/ Industriel<\/option><\/select><\/span>\n<\/p>\n<p><input class=\"wpcf7-form-control wpcf7-submit has-spinner btn btn-primary\" type=\"submit\" value=\"Envoyer\" \/>\n<\/p><div class=\"wpcf7-response-output\" aria-hidden=\"true\"><\/div>\n<\/form>\n<\/div>\n\n","protected":false},"excerpt":{"rendered":"<p>Soumettez un appel d&rsquo;offres Chez Les Services Immobiliers PGK, nous comprenons que chaque propri\u00e9t\u00e9 a ses propres besoins. Nous sommes ..<\/p>\n","protected":false},"author":1,"featured_media":453,"parent":0,"menu_order":0,"comment_status":"open","ping_status":"open","template":"template-contact.php","meta":{"footnotes":""},"_links":{"self":[{"href":"https:\/\/pgkmontreal.com\/fr\/wp-json\/wp\/v2\/pages\/846"}],"collection":[{"href":"https:\/\/pgkmontreal.com\/fr\/wp-json\/wp\/v2\/pages"}],"about":[{"href":"https:\/\/pgkmontreal.com\/fr\/wp-json\/wp\/v2\/types\/page"}],"author":[{"embeddable":true,"href":"https:\/\/pgkmontreal.com\/fr\/wp-json\/wp\/v2\/users\/1"}],"replies":[{"embeddable":true,"href":"https:\/\/pgkmontreal.com\/fr\/wp-json\/wp\/v2\/comments?post=846"}],"version-history":[{"count":5,"href":"https:\/\/pgkmontreal.com\/fr\/wp-json\/wp\/v2\/pages\/846\/revisions"}],"predecessor-version":[{"id":960,"href":"https:\/\/pgkmontreal.com\/fr\/wp-json\/wp\/v2\/pages\/846\/revisions\/960"}],"wp:featuredmedia":[{"embeddable":true,"href":"https:\/\/pgkmontreal.com\/fr\/wp-json\/wp\/v2\/media\/453"}],"wp:attachment":[{"href":"https:\/\/pgkmontreal.com\/fr\/wp-json\/wp\/v2\/media?parent=846"}],"curies":[{"name":"wp","href":"https:\/\/api.w.org\/{rel}","templated":true}]}}