{"id":823,"date":"2015-07-30T10:30:48","date_gmt":"2015-07-30T15:30:48","guid":{"rendered":"http:\/\/pgkflorida.com\/fr\/?page_id=823"},"modified":"2015-08-14T11:19:21","modified_gmt":"2015-08-14T16:19:21","slug":"contact","status":"publish","type":"page","link":"https:\/\/pgkmontreal.com\/fr\/contact\/","title":{"rendered":"Renseignements g\u00e9n\u00e9raux"},"content":{"rendered":"<p><center><iframe loading=\"lazy\" src=\"https:\/\/www.google.com\/maps\/embed?pb=!1m18!1m12!1m3!1d2796.8846870531656!2d-73.57707909999999!3d45.4922668!2m3!1f0!2f0!3f0!3m2!1i1024!2i768!4f13.1!3m3!1m2!1s0x4cc91a6ec8210ed9%3A0xd4d860b985d6750f!2s1819+Boulevard+Ren%C3%A9-L%C3%A9vesque+O%2C+Montr%C3%A9al%2C+QC+H3H+2P5!5e0!3m2!1sfr!2sca!4v1439568745502\" width=\"1000\" height=\"400\" frameborder=\"0\" style=\"border:0\" allowfullscreen><\/iframe><\/center><\/p>\n<p>&nbsp;<\/p>\n<h2 class=\"section-title style1 text-center\"><span><\/span><\/h2>\n<div class=\"wss-widget-container\">\n<div class=\"wss-widget-text\">\n<div class=\"block\">\n<div>Vous \u00eates \u00e0 la recherche d&rsquo;un gestionnaire immobilier exp\u00e9riment\u00e9 dans la grande r\u00e9gion de Montr\u00e9al? Communiquez avec l&rsquo;\u00e9quipe de professionnels des Services Immobiliers PGK. Nous vous offrons une vaste gamme de services de gestion immobili\u00e8re, dont la gestion des baux, l&rsquo;inspection de la propri\u00e9t\u00e9, la location et beaucoup plus. Pour obtenir des renseignements g\u00e9n\u00e9raux ou pour nous envoyer vos commentaires, veuillez remplir le formulaire \u00e9lectronique de cette page. Nous serons plus qu&rsquo;heureux de vous aider.<\/div>\n<p>&nbsp;<\/p>\n<div>Si vous souhaitez louer l&rsquo;un de nos appartements, veuillez t\u00e9l\u00e9charger notre\u00a0<a href=\"http:\/\/www.pgkmontreal.com\/doc\/offre_de_location.pdf\" target=\"_blank\">Formulaire de demande<\/a>\u00a0et le soumettre avec le formulaire \u00e9lectronique ou l&rsquo;envoyer \u00e0\u00a0<a href=\"mailto:info@pgkmontreal.com\">info@pgkmontreal.com<\/a>.<\/div>\n<\/div>\n<\/div>\n<\/div>\n<p>&nbsp;<\/p>\n\n<div class=\"wpcf7 no-js\" id=\"wpcf7-f873-o1\" lang=\"en-US\" dir=\"ltr\">\n<div class=\"screen-reader-response\"><p role=\"status\" aria-live=\"polite\" aria-atomic=\"true\"><\/p> <ul><\/ul><\/div>\n<form action=\"\/fr\/wp-json\/wp\/v2\/pages\/823#wpcf7-f873-o1\" method=\"post\" class=\"wpcf7-form init\" aria-label=\"Contact form\" enctype=\"multipart\/form-data\" novalidate=\"novalidate\" data-status=\"init\">\n<div style=\"display: none;\">\n<input type=\"hidden\" name=\"_wpcf7\" value=\"873\" \/>\n<input type=\"hidden\" name=\"_wpcf7_version\" value=\"5.8\" \/>\n<input type=\"hidden\" name=\"_wpcf7_locale\" value=\"en_US\" \/>\n<input type=\"hidden\" name=\"_wpcf7_unit_tag\" value=\"wpcf7-f873-o1\" \/>\n<input type=\"hidden\" name=\"_wpcf7_container_post\" value=\"0\" \/>\n<input type=\"hidden\" name=\"_wpcf7_posted_data_hash\" value=\"\" \/>\n<\/div>\n<div class=\"row\">\n\t<div class=\"form-group col-sm-6\">\n\t\t<p><span class=\"wpcf7-form-control-wrap\" data-name=\"your-name\"><input size=\"40\" class=\"wpcf7-form-control wpcf7-text wpcf7-validates-as-required form-control\" id=\"name\" aria-required=\"true\" aria-invalid=\"false\" placeholder=\"Nom\" value=\"\" type=\"text\" name=\"your-name\" \/><\/span><br \/>\n<span class=\"wpcf7-form-control-wrap\" data-name=\"your-email\"><input size=\"40\" class=\"wpcf7-form-control wpcf7-email wpcf7-validates-as-required wpcf7-text wpcf7-validates-as-email form-control\" id=\"email\" aria-required=\"true\" aria-invalid=\"false\" placeholder=\"Courriel\" value=\"\" type=\"email\" name=\"your-email\" \/><\/span><br \/>\n<span class=\"wpcf7-form-control-wrap\" data-name=\"your-subject\"><input size=\"40\" class=\"wpcf7-form-control wpcf7-text form-control\" id=\"subject\" aria-invalid=\"false\" placeholder=\"Sujet\" value=\"\" type=\"text\" name=\"your-subject\" \/><\/span>\n\t\t<\/p>\n\t<\/div>\n\t<div class=\"form-group col-sm-6\">\n\t\t<p><span class=\"wpcf7-form-control-wrap\" data-name=\"your-message\"><textarea cols=\"40\" rows=\"10\" class=\"wpcf7-form-control wpcf7-textarea form-control\" id=\"message\" aria-invalid=\"false\" placeholder=\"Message\" name=\"your-message\"><\/textarea><\/span>\n\t\t<\/p>\n\t<\/div>\n\t<div class=\"form-group col-sm-12\">\n\t\t<p><span class=\"wpcf7-form-control-wrap\" data-name=\"file-755\"><input size=\"40\" class=\"wpcf7-form-control wpcf7-file\" accept=\"audio\/*,video\/*,image\/*\" aria-invalid=\"false\" type=\"file\" name=\"file-755\" \/><\/span><br \/>\n<input class=\"wpcf7-form-control wpcf7-submit has-spinner btn btn-primary\" type=\"submit\" value=\"Envoyer\" \/>\n\t\t<\/p>\n\t<\/div>\n<\/div><div class=\"wpcf7-response-output\" aria-hidden=\"true\"><\/div>\n<\/form>\n<\/div>\n\n","protected":false},"excerpt":{"rendered":"<p>&nbsp; Vous \u00eates \u00e0 la recherche d&rsquo;un gestionnaire immobilier exp\u00e9riment\u00e9 dans la grande r\u00e9gion de Montr\u00e9al? Communiquez avec l&rsquo;\u00e9quipe de ..<\/p>\n","protected":false},"author":1,"featured_media":453,"parent":0,"menu_order":0,"comment_status":"open","ping_status":"open","template":"template-contact.php","meta":{"footnotes":""},"_links":{"self":[{"href":"https:\/\/pgkmontreal.com\/fr\/wp-json\/wp\/v2\/pages\/823"}],"collection":[{"href":"https:\/\/pgkmontreal.com\/fr\/wp-json\/wp\/v2\/pages"}],"about":[{"href":"https:\/\/pgkmontreal.com\/fr\/wp-json\/wp\/v2\/types\/page"}],"author":[{"embeddable":true,"href":"https:\/\/pgkmontreal.com\/fr\/wp-json\/wp\/v2\/users\/1"}],"replies":[{"embeddable":true,"href":"https:\/\/pgkmontreal.com\/fr\/wp-json\/wp\/v2\/comments?post=823"}],"version-history":[{"count":10,"href":"https:\/\/pgkmontreal.com\/fr\/wp-json\/wp\/v2\/pages\/823\/revisions"}],"predecessor-version":[{"id":979,"href":"https:\/\/pgkmontreal.com\/fr\/wp-json\/wp\/v2\/pages\/823\/revisions\/979"}],"wp:featuredmedia":[{"embeddable":true,"href":"https:\/\/pgkmontreal.com\/fr\/wp-json\/wp\/v2\/media\/453"}],"wp:attachment":[{"href":"https:\/\/pgkmontreal.com\/fr\/wp-json\/wp\/v2\/media?parent=823"}],"curies":[{"name":"wp","href":"https:\/\/api.w.org\/{rel}","templated":true}]}}