{"id":1130,"date":"2015-08-19T13:23:49","date_gmt":"2015-08-19T18:23:49","guid":{"rendered":"http:\/\/pgkflorida.com\/fr\/?page_id=1130"},"modified":"2015-09-02T13:42:49","modified_gmt":"2015-09-02T18:42:49","slug":"faq-2","status":"publish","type":"page","link":"https:\/\/pgkmontreal.com\/fr\/faq-2\/","title":{"rendered":"FAQ"},"content":{"rendered":"<h1 class=\"wss-widget-title\">Questions fr\u00e9quemment pos\u00e9es<\/h1>\n<p>Vous trouverez ci-dessous quelques questions fr\u00e9quemment pos\u00e9es afin de vous venir en aide. Si vous avez besoin d&rsquo;informations suppl\u00e9mentaires, contacter notre bureau par courriel \u00e0 info@pgkmontreal.com ou par t\u00e9l\u00e9phone au 514-931-5111.<\/p>\n\t\t<div id=\"wpb_af_997\" class=\"wpb_af_flat_theme\">\n\t\t\t<ul class=\"wpb_af_area\">\n\t\t\t\t\t\t\t\t\t\t\t\t\t\t<li id=\"post-1177\" class=\"post-1177 wpb_af_faq type-wpb_af_faq status-publish hentry\">\n\t\t\t\t\t\t<a href=\"#\">Comment puis-je soumettre une demande pour des r\u00e9parations?<\/a>\n\t\t\t\t\t\t\t\t\t\t\t\t\t<ul>\n\t\t\t                    <li><p>Vous pouvez completer une demande de r\u00e9parations \u00e0 partir de notre site Web, nous \u00e9crire \u00e0 info@pgkmontreal.com ou t\u00e9l\u00e9phoner au 514-931-5111. Vous pouvez \u00e9galement communiquer avec votre concierge directement, puisque son num\u00e9ro de contact est inscrit dans votre copie de bail.<\/p>\n<\/li>\n\t\t\t                <\/ul>\n\t\t            \t\t\t\t\t\t<\/li>\n\t\t\t    \t\t\t\t\t\t\t\t\t\t<li id=\"post-1176\" class=\"post-1176 wpb_af_faq type-wpb_af_faq status-publish hentry\">\n\t\t\t\t\t\t<a href=\"#\">Est ce que je peux transf\u00e9rer mon bail ou sous-louer mon appartement?<\/a>\n\t\t\t\t\t\t\t\t\t\t\t\t\t<ul>\n\t\t\t                    <li><p>Oui. Vous pouvez sous-louer votre appartement ou faire un transfert de bail, mais vous \u00eates responsable pour trouver un remplacement\u00a0ad\u00e9quat, acceptable par les Services Immobiliers PGK. Des frais s\u2019appliquent.<\/p>\n<\/li>\n\t\t\t                <\/ul>\n\t\t            \t\t\t\t\t\t<\/li>\n\t\t\t    \t\t\t\t\t\t\t\t\t\t<li id=\"post-1175\" class=\"post-1175 wpb_af_faq type-wpb_af_faq status-publish hentry\">\n\t\t\t\t\t\t<a href=\"#\">A l\u2019ordre de qui dois-je faire les ch\u00e8ques?<\/a>\n\t\t\t\t\t\t\t\t\t\t\t\t\t<ul>\n\t\t\t                    <li><p>Dans la plupart des cas, le loyer est payable \u00e0 \u201cles Services Immobiliers PGK\u201d, mais il y a quelques exceptions. Si vous n&rsquo;\u00eates pas certain, s&rsquo;il vous pla\u00eet consulter votre bail ou t\u00e9l\u00e9phoner notre bureau au 514-931-5111 ou info@pgkmontreal.com.<\/p>\n<\/li>\n\t\t\t                <\/ul>\n\t\t            \t\t\t\t\t\t<\/li>\n\t\t\t    \t\t\t\t\t\t\t\t\t\t<li id=\"post-1174\" class=\"post-1174 wpb_af_faq type-wpb_af_faq status-publish hentry\">\n\t\t\t\t\t\t<a href=\"#\">Quand le loyer est-il d\u00fb?<\/a>\n\t\t\t\t\t\t\t\t\t\t\t\t\t<ul>\n\t\t\t                    <li><p>Le loyer est d\u00fb le premier de chaque mois comme indiqu\u00e9 dans votre bail. Si des ch\u00e8ques sont retourn\u00e9s par la banque pour une raison quelconque, le locataire doit payer des frais de service aux Services Immobiliers PGK, ainsi que les frais \u00e0 votre institution bancaire.<\/p>\n<\/li>\n\t\t\t                <\/ul>\n\t\t            \t\t\t\t\t\t<\/li>\n\t\t\t    \t\t\t\t\t\t\t\t\t\t<li id=\"post-1172\" class=\"post-1172 wpb_af_faq type-wpb_af_faq status-publish hentry\">\n\t\t\t\t\t\t<a href=\"#\">Je ne renouvelle pas mon bail. Quelles sont mes obligations?<\/a>\n\t\t\t\t\t\t\t\t\t\t\t\t\t<ul>\n\t\t\t                    <li><p>Si vous ne renouvellez pas votre bail, vous devez en informer notre bureau par lettre <a href=\"https:\/\/www.canadapost.ca\/tools\/pg\/manual\/PGregister-f.asp\" target=\"_blank\">recommand\u00e9e<\/a> trois mois avant la date de son expiration, sinon, notre bureau vous fera parvenir une offre de renouvellement de votre bail trois et six mois avant la fin du bail. Vous devez r\u00e9pondre \u00e0 cet avis dans les 30 jours qui suivent ou vous est r\u00e9put\u00e9 avoir accept\u00e9 les modifications et le bail sera automatiquement renouvel\u00e9.<\/p>\n<\/li>\n\t\t\t                <\/ul>\n\t\t            \t\t\t\t\t\t<\/li>\n\t\t\t    \t\t\t\t\t\t\t\t\t\t<li id=\"post-1171\" class=\"post-1171 wpb_af_faq type-wpb_af_faq status-publish hentry\">\n\t\t\t\t\t\t<a href=\"#\">Quelle est la dur\u00e9e du bail?<\/a>\n\t\t\t\t\t\t\t\t\t\t\t\t\t<ul>\n\t\t\t                    <li><p>Tous nos baux sont d&rsquo;une dur\u00e9e de 12 mois, \u00e0\u00a0l\u2019exception d\u2019une sous-location ou transfer de bail.<\/p>\n<\/li>\n\t\t\t                <\/ul>\n\t\t            \t\t\t\t\t\t<\/li>\n\t\t\t    \t\t\t\t\t\t\t\t\t\t<li id=\"post-1170\" class=\"post-1170 wpb_af_faq type-wpb_af_faq status-publish hentry\">\n\t\t\t\t\t\t<a href=\"#\">Quelles sont les m\u00e9thodes de paiement accept\u00e9s?<\/a>\n\t\t\t\t\t\t\t\t\t\t\t\t\t<ul>\n\t\t\t                    <li><p>Une s\u00e9rie de 12 ch\u00e8ques postdat\u00e9s est pr\u00e9f\u00e9rable. Nous acceptons les ch\u00e8ques, les mandats, les virements interac ou les paiements par carte de cr\u00e9dit en ligne sur notre site Web. Si vous payez par ch\u00e8que, ils doivent \u00eatre post\u00e9s de trois \u00e0 quatre jour avant le 1er du mois afin d\u2019en assurer la r\u00e9ception \u00e0 temps. Certaines conditions s\u2019appliquent si vous payez par virements interac ou carte de cr\u00e9dit.<\/p>\n<\/li>\n\t\t\t                <\/ul>\n\t\t            \t\t\t\t\t\t<\/li>\n\t\t\t    \t\t\t\t\t\t\t\t\t\t<li id=\"post-1169\" class=\"post-1169 wpb_af_faq type-wpb_af_faq status-publish hentry\">\n\t\t\t\t\t\t<a href=\"#\">O\u00f9 puis-je obtenir un formulaire de demande de location et o\u00f9 dois-je le soumettre une fois compl\u00e9t\u00e9?<\/a>\n\t\t\t\t\t\t\t\t\t\t\t\t\t<ul>\n\t\t\t                    <li><p>Nos demandes de logement sont disponibles sur notre site Web, par fax sur demande, ou \u00e0 nos bureau. Vous pouvez \u00e9galement en demander une au concierge de l&rsquo;immeuble lors d\u2019une visite. Une fois complet\u00e9e, vous pouvez l\u2019expedi\u00e9r par courriel, l&rsquo;attacher \u00e0 notre formulaire de renseignements g\u00e9n\u00e9raux, par t\u00e9l\u00e9copieur au 514-931-0902 ou en la livrant \u00e0 nos bureau. Les demandes sont trait\u00e9es par date de r\u00e9ception, donc afin de s\u00e9curiser l&rsquo;appartement, il est pr\u00e9f\u00e9rable de le soumettre d\u00e8s que possible. Une fois la demande est trait\u00e9e, nous vous contacterons directement.<\/p>\n<\/li>\n\t\t\t                <\/ul>\n\t\t            \t\t\t\t\t\t<\/li>\n\t\t\t    \t\t\t\t\t\t\t\t\t\t<li id=\"post-1168\" class=\"post-1168 wpb_af_faq type-wpb_af_faq status-publish hentry\">\n\t\t\t\t\t\t<a href=\"#\">Comment puis-je organiser une visite des appartements vacants?<\/a>\n\t\t\t\t\t\t\t\t\t\t\t\t\t<ul>\n\t\t\t                    <li><p>Dans chaque annonce de notre site Web, regardez dans les d\u00e9tails suppl\u00e9mentaires et le num\u00e9ro de la personne responsable pour la location de cet appartement apparait. Vous pouvez t\u00e9l\u00e9phoner directement afin de prendre rendez-vous. Vous pouvez \u00e9galement compl\u00e9ter notre formulaire de demande de renseignements g\u00e9n\u00e9raux en indiquent lequel appartement vous int\u00e9resse, envoyez un courriel \u00e0\u00a0info@pgkmontreal.com ou encore en t\u00e9l\u00e9phonant \u00e0 notre bureau au 514-931-5111.<\/p>\n<\/li>\n\t\t\t                <\/ul>\n\t\t            \t\t\t\t\t\t<\/li>\n\t\t\t    \t\t\t<\/ul>\n\t\t<\/div>\n\n\t\t<script type=\"text\/javascript\">\n\t\tjQuery( function($) {  \n\t\t\t$(\"#wpb_af_997 > ul\").navgoco({\n\t\t\t\t\t\t        caretHtml: '<i class=\"icon-wpb-af-plus\"><\/i>',\n\t\t        \t\t\t\taccordion: true,\n\t\t\t\topenClass: 'wpb-submenu-indicator-minus',\n\t\t\t\tsave: true,\n\t\t\t\tcookie: {\n\t\t\t\t\tname: 'wpb_af',\n\t\t\t\t\texpires: false,\n\t\t\t\t\tpath: '\/'\n\t\t\t\t},\n\t\t\t\tslide: {\n\t\t\t\t\tduration: 400,\n\t\t\t\t\teasing: 'swing'\n\t\t\t\t}\n\t\t    });\n\t\t});\n\t\t<\/script>\n\n\t\t\n","protected":false},"excerpt":{"rendered":"<p>Questions fr\u00e9quemment pos\u00e9es Vous trouverez ci-dessous quelques questions fr\u00e9quemment pos\u00e9es afin de vous venir en aide. Si vous avez besoin ..<\/p>\n","protected":false},"author":1,"featured_media":456,"parent":0,"menu_order":0,"comment_status":"open","ping_status":"open","template":"","meta":{"footnotes":""},"_links":{"self":[{"href":"https:\/\/pgkmontreal.com\/fr\/wp-json\/wp\/v2\/pages\/1130"}],"collection":[{"href":"https:\/\/pgkmontreal.com\/fr\/wp-json\/wp\/v2\/pages"}],"about":[{"href":"https:\/\/pgkmontreal.com\/fr\/wp-json\/wp\/v2\/types\/page"}],"author":[{"embeddable":true,"href":"https:\/\/pgkmontreal.com\/fr\/wp-json\/wp\/v2\/users\/1"}],"replies":[{"embeddable":true,"href":"https:\/\/pgkmontreal.com\/fr\/wp-json\/wp\/v2\/comments?post=1130"}],"version-history":[{"count":7,"href":"https:\/\/pgkmontreal.com\/fr\/wp-json\/wp\/v2\/pages\/1130\/revisions"}],"predecessor-version":[{"id":1205,"href":"https:\/\/pgkmontreal.com\/fr\/wp-json\/wp\/v2\/pages\/1130\/revisions\/1205"}],"wp:featuredmedia":[{"embeddable":true,"href":"https:\/\/pgkmontreal.com\/fr\/wp-json\/wp\/v2\/media\/456"}],"wp:attachment":[{"href":"https:\/\/pgkmontreal.com\/fr\/wp-json\/wp\/v2\/media?parent=1130"}],"curies":[{"name":"wp","href":"https:\/\/api.w.org\/{rel}","templated":true}]}}