{"id":840,"date":"2015-07-30T11:13:27","date_gmt":"2015-07-30T16:13:27","guid":{"rendered":"http:\/\/pgkflorida.com\/fr\/?page_id=840"},"modified":"2015-08-19T17:46:05","modified_gmt":"2015-08-19T22:46:05","slug":"accueil","status":"publish","type":"page","link":"http:\/\/pgkmontreal.com\/fr\/","title":{"rendered":"Accueil"},"content":{"rendered":"<h1 class=\"wss-widget-title\">Les Services Immobiliers PGK : agence de gestion immobili\u00e8re \u00e0 Montr\u00e9al<\/h1>\n<div class=\"wss-widget-container\">\n<div class=\"wss-widget-text\">\n<div class=\"block\">\n<div>Strat\u00e9giquement situ\u00e9e au coin des rues Ren\u00e9-L\u00e9vesque Ouest et Saint-Mathieu, Les Services Immobiliers PGK offrent des <a href=\"http:\/\/www.pgkmontreal.com\/fr\/services.html\" target=\"_self\">services professionnels en gestion immobili\u00e8re<\/a> \u00e0 Montr\u00e9al et ses environs depuis 1986. Forts de plus de 35 ans d&rsquo;exp\u00e9rience dans le domaine, nous fournissons des services aux propri\u00e9taires d&rsquo;immeubles r\u00e9sidentiels, commerciaux, industriels, et condominiums.<\/div>\n<p>&nbsp;<\/p>\n<div>Nous croyons que, en tant que propri\u00e9taire, vous ne devriez vous inqui\u00e9ter de rien. C&rsquo;est pourquoi nous g\u00e9rons tous les aspects de votre propri\u00e9t\u00e9 tels que l&rsquo;entretien, l&rsquo;inspection, la comptabilit\u00e9, la perception des loyers et la gestion des baux, entre autres. Que vous soyez propri\u00e9taire d&rsquo;un condominium, d&rsquo;un \u00e9difice de bureaux, d&rsquo;un \u00e9difice \u00e0 logements ou d&rsquo;un complexe commercial, profitez de nos services de gestion immobili\u00e8re. Nous fournissons aussi des <a href=\"http:\/\/www.pgkmontreal.com\/fr\/inspections.html\" target=\"_self\">inspections<\/a> de logements vacants, d&rsquo;appartements et de propri\u00e9t\u00e9s \u00e0 des fins d&rsquo;assurances.<\/div>\n<\/div>\n<p>&nbsp;<\/p>\n<div class=\"block\">\n<div>Notre objectif est d&rsquo;attirer des locataires de qualit\u00e9 dans toutes nos propri\u00e9t\u00e9s et d&rsquo;assurer un retour rentable sur tous les investissements de nos clients. Nous prenons aussi soin de toutes vos t\u00e2ches administratives et comptables.<\/div>\n<p>&nbsp;<\/p>\n<div>N&rsquo;attendez pas, n&rsquo;h\u00e9sitez pas \u2013 <a href=\"http:\/\/www.pgkmontreal.com\/fr\/renseignements_generaux.html\" target=\"_self\">Les Services Immobiliers PGK sont l\u00e0 pour r\u00e9pondre<\/a> \u00e0 tous vos besoins en mati\u00e8re de gestion des biens immobiliers dans la grande r\u00e9gion de Montr\u00e9al.<\/div>\n<\/div>\n<\/div>\n<\/div>\n","protected":false},"excerpt":{"rendered":"<p>Les Services Immobiliers PGK : agence de gestion immobili\u00e8re \u00e0 Montr\u00e9al Strat\u00e9giquement situ\u00e9e au coin des rues Ren\u00e9-L\u00e9vesque Ouest et ..<\/p>\n","protected":false},"author":1,"featured_media":0,"parent":0,"menu_order":0,"comment_status":"closed","ping_status":"open","template":"template-home-slideshow.php","meta":{"footnotes":""},"_links":{"self":[{"href":"http:\/\/pgkmontreal.com\/fr\/wp-json\/wp\/v2\/pages\/840"}],"collection":[{"href":"http:\/\/pgkmontreal.com\/fr\/wp-json\/wp\/v2\/pages"}],"about":[{"href":"http:\/\/pgkmontreal.com\/fr\/wp-json\/wp\/v2\/types\/page"}],"author":[{"embeddable":true,"href":"http:\/\/pgkmontreal.com\/fr\/wp-json\/wp\/v2\/users\/1"}],"replies":[{"embeddable":true,"href":"http:\/\/pgkmontreal.com\/fr\/wp-json\/wp\/v2\/comments?post=840"}],"version-history":[{"count":3,"href":"http:\/\/pgkmontreal.com\/fr\/wp-json\/wp\/v2\/pages\/840\/revisions"}],"predecessor-version":[{"id":1044,"href":"http:\/\/pgkmontreal.com\/fr\/wp-json\/wp\/v2\/pages\/840\/revisions\/1044"}],"wp:attachment":[{"href":"http:\/\/pgkmontreal.com\/fr\/wp-json\/wp\/v2\/media?parent=840"}],"curies":[{"name":"wp","href":"https:\/\/api.w.org\/{rel}","templated":true}]}}